{"id":7926,"date":"2025-02-11T22:26:32","date_gmt":"2025-02-11T22:26:32","guid":{"rendered":"https:\/\/prohara.com\/product\/niveau-3\/"},"modified":"2025-04-19T11:19:40","modified_gmt":"2025-04-19T11:19:40","slug":"niveau-3","status":"publish","type":"product","link":"https:\/\/prohara.com\/fr\/product\/niveau-3\/","title":{"rendered":"Niveau 3"},"content":{"rendered":"","protected":false},"excerpt":{"rendered":"<p>Compl\u00e9tez notre formation avanc\u00e9e sur le service client accessible avec le pack de niveau 3 suivant, qui comprend tout ce dont vous aurez besoin pour prosp\u00e9rer en tant que leader dans le service client accessible (sugg\u00e9r\u00e9 pour les chefs d&#8217;\u00e9quipe, les gestionnaires, les directeurs et les cadres sup\u00e9rieurs) :<\/p>\n<ul>\n<li>Module 1 : Introduction \u00e0 la sensibilisation au handicap<\/li>\n<li>Module 2: Types of Disabilities<\/li>\n<li>Module 3 : Assistance et support<\/li>\n<li>Module 4 : Barri\u00e8res courants<\/li>\n<li>Module 5: Communication and Inclusive Language<\/li>\n<li>Module 6 : Empathie et compassion<\/li>\n<li>Module 7: Accessible Customer Service<\/li>\n<li>Module 8 : Droits et l\u00e9gislation sur le handicap<\/li>\n<li>Module 9 : Emploi et handicap<\/li>\n<li>Module 10 : Devenez Pionnier T.R.A.I.L<\/li>\n<\/ul>\n","protected":false},"featured_media":8962,"comment_status":"open","ping_status":"closed","template":"","meta":{"site-sidebar-layout":"default","site-content-layout":"","ast-site-content-layout":"default","site-content-style":"default","site-sidebar-style":"default","ast-global-header-display":"","ast-banner-title-visibility":"","ast-main-header-display":"","ast-hfb-above-header-display":"","ast-hfb-below-header-display":"","ast-hfb-mobile-header-display":"","site-post-title":"","ast-breadcrumbs-content":"","ast-featured-img":"","footer-sml-layout":"","theme-transparent-header-meta":"default","adv-header-id-meta":"","stick-header-meta":"","header-above-stick-meta":"","header-main-stick-meta":"","header-below-stick-meta":"","astra-migrate-meta-layouts":"set","ast-page-background-enabled":"default","ast-page-background-meta":{"desktop":{"background-color":"","background-image":"","background-repeat":"repeat","background-position":"center center","background-size":"auto","background-attachment":"scroll","background-type":"","background-media":"","overlay-type":"","overlay-color":"","overlay-opacity":"","overlay-gradient":""},"tablet":{"background-color":"","background-image":"","background-repeat":"repeat","background-position":"center center","background-size":"auto","background-attachment":"scroll","background-type":"","background-media":"","overlay-type":"","overlay-color":"","overlay-opacity":"","overlay-gradient":""},"mobile":{"background-color":"","background-image":"","background-repeat":"repeat","background-position":"center center","background-size":"auto","background-attachment":"scroll","background-type":"","background-media":"","overlay-type":"","overlay-color":"","overlay-opacity":"","overlay-gradient":""}},"ast-content-background-meta":{"desktop":{"background-color":"var(--ast-global-color-5)","background-image":"","background-repeat":"repeat","background-position":"center center","background-size":"auto","background-attachment":"scroll","background-type":"","background-media":"","overlay-type":"","overlay-color":"","overlay-opacity":"","overlay-gradient":""},"tablet":{"background-color":"var(--ast-global-color-5)","background-image":"","background-repeat":"repeat","background-position":"center center","background-size":"auto","background-attachment":"scroll","background-type":"","background-media":"","overlay-type":"","overlay-color":"","overlay-opacity":"","overlay-gradient":""},"mobile":{"background-color":"var(--ast-global-color-5)","background-image":"","background-repeat":"repeat","background-position":"center center","background-size":"auto","background-attachment":"scroll","background-type":"","background-media":"","overlay-type":"","overlay-color":"","overlay-opacity":"","overlay-gradient":""}}},"product_brand":[],"product_cat":[62],"product_tag":[],"class_list":{"0":"post-7926","1":"product","2":"type-product","3":"status-publish","4":"has-post-thumbnail","6":"product_cat-uncategorized","7":"desktop-align-left","8":"tablet-align-left","9":"mobile-align-left","11":"first","12":"instock","13":"shipping-taxable","14":"purchasable","15":"product-type-simple"},"_links":{"self":[{"href":"https:\/\/prohara.com\/fr\/wp-json\/wp\/v2\/product\/7926","targetHints":{"allow":["GET"]}}],"collection":[{"href":"https:\/\/prohara.com\/fr\/wp-json\/wp\/v2\/product"}],"about":[{"href":"https:\/\/prohara.com\/fr\/wp-json\/wp\/v2\/types\/product"}],"replies":[{"embeddable":true,"href":"https:\/\/prohara.com\/fr\/wp-json\/wp\/v2\/comments?post=7926"}],"wp:featuredmedia":[{"embeddable":true,"href":"https:\/\/prohara.com\/fr\/wp-json\/wp\/v2\/media\/8962"}],"wp:attachment":[{"href":"https:\/\/prohara.com\/fr\/wp-json\/wp\/v2\/media?parent=7926"}],"wp:term":[{"taxonomy":"product_brand","embeddable":true,"href":"https:\/\/prohara.com\/fr\/wp-json\/wp\/v2\/product_brand?post=7926"},{"taxonomy":"product_cat","embeddable":true,"href":"https:\/\/prohara.com\/fr\/wp-json\/wp\/v2\/product_cat?post=7926"},{"taxonomy":"product_tag","embeddable":true,"href":"https:\/\/prohara.com\/fr\/wp-json\/wp\/v2\/product_tag?post=7926"}],"curies":[{"name":"wp","href":"https:\/\/api.w.org\/{rel}","templated":true}]}}